{"id":705,"date":"2024-07-22T10:56:44","date_gmt":"2024-07-22T10:56:44","guid":{"rendered":"https:\/\/smgslask.pl\/?page_id=705"},"modified":"2025-06-02T12:31:20","modified_gmt":"2025-06-02T12:31:20","slug":"historia-smg","status":"publish","type":"page","link":"https:\/\/smgslask.pl\/en\/historia-smg\/","title":{"rendered":"History of SMG"},"content":{"rendered":"","protected":false},"excerpt":{"rendered":"","protected":false},"author":2,"featured_media":0,"parent":0,"menu_order":0,"comment_status":"closed","ping_status":"closed","template":"","meta":{"footnotes":""},"class_list":["post-705","page","type-page","status-publish","hentry"],"acf":[],"yoast_head":"<!-- This site is optimized with the Yoast SEO plugin v21.3 - https:\/\/yoast.com\/wordpress\/plugins\/seo\/ -->\n<title>Historia SMG - smgslask.pl<\/title>\n<meta name=\"robots\" content=\"index, follow, max-snippet:-1, max-image-preview:large, max-video-preview:-1\" \/>\n<link rel=\"canonical\" href=\"https:\/\/smgslask.pl\/en\/historia-smg\/\" \/>\n<meta property=\"og:locale\" content=\"en_US\" \/>\n<meta property=\"og:type\" content=\"article\" \/>\n<meta property=\"og:title\" content=\"Historia SMG - smgslask.pl\" \/>\n<meta property=\"og:url\" content=\"https:\/\/smgslask.pl\/en\/historia-smg\/\" \/>\n<meta property=\"og:site_name\" content=\"smgslask.pl\" \/>\n<meta property=\"article:modified_time\" content=\"2025-06-02T12:31:20+00:00\" \/>\n<meta name=\"twitter:card\" content=\"summary_large_image\" \/>\n<script type=\"application\/ld+json\" class=\"yoast-schema-graph\">{\"@context\":\"https:\/\/schema.org\",\"@graph\":[{\"@type\":\"WebPage\",\"@id\":\"https:\/\/smgslask.pl\/historia-smg\/\",\"url\":\"https:\/\/smgslask.pl\/historia-smg\/\",\"name\":\"Historia SMG - smgslask.pl\",\"isPartOf\":{\"@id\":\"https:\/\/smgslask.pl\/#website\"},\"datePublished\":\"2024-07-22T10:56:44+00:00\",\"dateModified\":\"2025-06-02T12:31:20+00:00\",\"breadcrumb\":{\"@id\":\"https:\/\/smgslask.pl\/historia-smg\/#breadcrumb\"},\"inLanguage\":\"en-US\",\"potentialAction\":[{\"@type\":\"ReadAction\",\"target\":[\"https:\/\/smgslask.pl\/historia-smg\/\"]}]},{\"@type\":\"BreadcrumbList\",\"@id\":\"https:\/\/smgslask.pl\/historia-smg\/#breadcrumb\",\"itemListElement\":[{\"@type\":\"ListItem\",\"position\":1,\"name\":\"Strona g\u0142\u00f3wna\",\"item\":\"https:\/\/smgslask.pl\/\"},{\"@type\":\"ListItem\",\"position\":2,\"name\":\"Historia SMG\"}]},{\"@type\":\"WebSite\",\"@id\":\"https:\/\/smgslask.pl\/#website\",\"url\":\"https:\/\/smgslask.pl\/\",\"name\":\"smgslask.pl\",\"description\":\"Tw\u00f3j przemys\u0142, Twoja energia, Twoja oszcz\u0119dno\u015b\u0107!\",\"potentialAction\":[{\"@type\":\"SearchAction\",\"target\":{\"@type\":\"EntryPoint\",\"urlTemplate\":\"https:\/\/smgslask.pl\/?s={search_term_string}\"},\"query-input\":\"required name=search_term_string\"}],\"inLanguage\":\"en-US\"}]}<\/script>\n<!-- \/ Yoast SEO plugin. -->","yoast_head_json":{"title":"Historia SMG - smgslask.pl","robots":{"index":"index","follow":"follow","max-snippet":"max-snippet:-1","max-image-preview":"max-image-preview:large","max-video-preview":"max-video-preview:-1"},"canonical":"https:\/\/smgslask.pl\/en\/historia-smg\/","og_locale":"en_US","og_type":"article","og_title":"Historia SMG - smgslask.pl","og_url":"https:\/\/smgslask.pl\/en\/historia-smg\/","og_site_name":"smgslask.pl","article_modified_time":"2025-06-02T12:31:20+00:00","twitter_card":"summary_large_image","schema":{"@context":"https:\/\/schema.org","@graph":[{"@type":"WebPage","@id":"https:\/\/smgslask.pl\/historia-smg\/","url":"https:\/\/smgslask.pl\/historia-smg\/","name":"Historia SMG - smgslask.pl","isPartOf":{"@id":"https:\/\/smgslask.pl\/#website"},"datePublished":"2024-07-22T10:56:44+00:00","dateModified":"2025-06-02T12:31:20+00:00","breadcrumb":{"@id":"https:\/\/smgslask.pl\/historia-smg\/#breadcrumb"},"inLanguage":"en-US","potentialAction":[{"@type":"ReadAction","target":["https:\/\/smgslask.pl\/historia-smg\/"]}]},{"@type":"BreadcrumbList","@id":"https:\/\/smgslask.pl\/historia-smg\/#breadcrumb","itemListElement":[{"@type":"ListItem","position":1,"name":"Strona g\u0142\u00f3wna","item":"https:\/\/smgslask.pl\/"},{"@type":"ListItem","position":2,"name":"Historia SMG"}]},{"@type":"WebSite","@id":"https:\/\/smgslask.pl\/#website","url":"https:\/\/smgslask.pl\/","name":"smgslask.pl","description":"Tw\u00f3j przemys\u0142, Twoja energia, Twoja oszcz\u0119dno\u015b\u0107!","potentialAction":[{"@type":"SearchAction","target":{"@type":"EntryPoint","urlTemplate":"https:\/\/smgslask.pl\/?s={search_term_string}"},"query-input":"required name=search_term_string"}],"inLanguage":"en-US"}]}},"_links":{"self":[{"href":"https:\/\/smgslask.pl\/en\/wp-json\/wp\/v2\/pages\/705","targetHints":{"allow":["GET"]}}],"collection":[{"href":"https:\/\/smgslask.pl\/en\/wp-json\/wp\/v2\/pages"}],"about":[{"href":"https:\/\/smgslask.pl\/en\/wp-json\/wp\/v2\/types\/page"}],"author":[{"embeddable":true,"href":"https:\/\/smgslask.pl\/en\/wp-json\/wp\/v2\/users\/2"}],"replies":[{"embeddable":true,"href":"https:\/\/smgslask.pl\/en\/wp-json\/wp\/v2\/comments?post=705"}],"version-history":[{"count":2,"href":"https:\/\/smgslask.pl\/en\/wp-json\/wp\/v2\/pages\/705\/revisions"}],"predecessor-version":[{"id":873,"href":"https:\/\/smgslask.pl\/en\/wp-json\/wp\/v2\/pages\/705\/revisions\/873"}],"wp:attachment":[{"href":"https:\/\/smgslask.pl\/en\/wp-json\/wp\/v2\/media?parent=705"}],"curies":[{"name":"wp","href":"https:\/\/api.w.org\/{rel}","templated":true}]}}