{"id":581,"date":"2024-05-10T06:39:17","date_gmt":"2024-05-10T06:39:17","guid":{"rendered":"https:\/\/smgslask.pl\/?page_id=581"},"modified":"2024-05-10T06:39:18","modified_gmt":"2024-05-10T06:39:18","slug":"zrownowazony-rozwoj","status":"publish","type":"page","link":"https:\/\/smgslask.pl\/en\/zrownowazony-rozwoj\/","title":{"rendered":"Sustainability"},"content":{"rendered":"","protected":false},"excerpt":{"rendered":"","protected":false},"author":2,"featured_media":0,"parent":0,"menu_order":0,"comment_status":"closed","ping_status":"closed","template":"","meta":{"footnotes":""},"class_list":["post-581","page","type-page","status-publish","hentry"],"acf":[],"yoast_head":"<!-- This site is optimized with the Yoast SEO plugin v21.3 - https:\/\/yoast.com\/wordpress\/plugins\/seo\/ -->\n<title>Zr\u00f3wnowa\u017cony rozw\u00f3j - smgslask.pl<\/title>\n<meta name=\"robots\" content=\"index, follow, max-snippet:-1, max-image-preview:large, max-video-preview:-1\" \/>\n<link rel=\"canonical\" href=\"https:\/\/smgslask.pl\/en\/zrownowazony-rozwoj\/\" \/>\n<meta property=\"og:locale\" content=\"en_US\" \/>\n<meta property=\"og:type\" content=\"article\" \/>\n<meta property=\"og:title\" content=\"Zr\u00f3wnowa\u017cony rozw\u00f3j - smgslask.pl\" \/>\n<meta property=\"og:url\" content=\"https:\/\/smgslask.pl\/en\/zrownowazony-rozwoj\/\" \/>\n<meta property=\"og:site_name\" content=\"smgslask.pl\" \/>\n<meta property=\"article:modified_time\" content=\"2024-05-10T06:39:18+00:00\" \/>\n<meta name=\"twitter:card\" content=\"summary_large_image\" \/>\n<script type=\"application\/ld+json\" class=\"yoast-schema-graph\">{\"@context\":\"https:\/\/schema.org\",\"@graph\":[{\"@type\":\"WebPage\",\"@id\":\"https:\/\/smgslask.pl\/zrownowazony-rozwoj\/\",\"url\":\"https:\/\/smgslask.pl\/zrownowazony-rozwoj\/\",\"name\":\"Zr\u00f3wnowa\u017cony rozw\u00f3j - smgslask.pl\",\"isPartOf\":{\"@id\":\"https:\/\/smgslask.pl\/#website\"},\"datePublished\":\"2024-05-10T06:39:17+00:00\",\"dateModified\":\"2024-05-10T06:39:18+00:00\",\"breadcrumb\":{\"@id\":\"https:\/\/smgslask.pl\/zrownowazony-rozwoj\/#breadcrumb\"},\"inLanguage\":\"en-US\",\"potentialAction\":[{\"@type\":\"ReadAction\",\"target\":[\"https:\/\/smgslask.pl\/zrownowazony-rozwoj\/\"]}]},{\"@type\":\"BreadcrumbList\",\"@id\":\"https:\/\/smgslask.pl\/zrownowazony-rozwoj\/#breadcrumb\",\"itemListElement\":[{\"@type\":\"ListItem\",\"position\":1,\"name\":\"Strona g\u0142\u00f3wna\",\"item\":\"https:\/\/smgslask.pl\/\"},{\"@type\":\"ListItem\",\"position\":2,\"name\":\"Zr\u00f3wnowa\u017cony rozw\u00f3j\"}]},{\"@type\":\"WebSite\",\"@id\":\"https:\/\/smgslask.pl\/#website\",\"url\":\"https:\/\/smgslask.pl\/\",\"name\":\"smgslask.pl\",\"description\":\"Tw\u00f3j przemys\u0142, Twoja energia, Twoja oszcz\u0119dno\u015b\u0107!\",\"potentialAction\":[{\"@type\":\"SearchAction\",\"target\":{\"@type\":\"EntryPoint\",\"urlTemplate\":\"https:\/\/smgslask.pl\/?s={search_term_string}\"},\"query-input\":\"required name=search_term_string\"}],\"inLanguage\":\"en-US\"}]}<\/script>\n<!-- \/ Yoast SEO plugin. -->","yoast_head_json":{"title":"Zr\u00f3wnowa\u017cony rozw\u00f3j - smgslask.pl","robots":{"index":"index","follow":"follow","max-snippet":"max-snippet:-1","max-image-preview":"max-image-preview:large","max-video-preview":"max-video-preview:-1"},"canonical":"https:\/\/smgslask.pl\/en\/zrownowazony-rozwoj\/","og_locale":"en_US","og_type":"article","og_title":"Zr\u00f3wnowa\u017cony rozw\u00f3j - smgslask.pl","og_url":"https:\/\/smgslask.pl\/en\/zrownowazony-rozwoj\/","og_site_name":"smgslask.pl","article_modified_time":"2024-05-10T06:39:18+00:00","twitter_card":"summary_large_image","schema":{"@context":"https:\/\/schema.org","@graph":[{"@type":"WebPage","@id":"https:\/\/smgslask.pl\/zrownowazony-rozwoj\/","url":"https:\/\/smgslask.pl\/zrownowazony-rozwoj\/","name":"Zr\u00f3wnowa\u017cony rozw\u00f3j - smgslask.pl","isPartOf":{"@id":"https:\/\/smgslask.pl\/#website"},"datePublished":"2024-05-10T06:39:17+00:00","dateModified":"2024-05-10T06:39:18+00:00","breadcrumb":{"@id":"https:\/\/smgslask.pl\/zrownowazony-rozwoj\/#breadcrumb"},"inLanguage":"en-US","potentialAction":[{"@type":"ReadAction","target":["https:\/\/smgslask.pl\/zrownowazony-rozwoj\/"]}]},{"@type":"BreadcrumbList","@id":"https:\/\/smgslask.pl\/zrownowazony-rozwoj\/#breadcrumb","itemListElement":[{"@type":"ListItem","position":1,"name":"Strona g\u0142\u00f3wna","item":"https:\/\/smgslask.pl\/"},{"@type":"ListItem","position":2,"name":"Zr\u00f3wnowa\u017cony rozw\u00f3j"}]},{"@type":"WebSite","@id":"https:\/\/smgslask.pl\/#website","url":"https:\/\/smgslask.pl\/","name":"smgslask.pl","description":"Tw\u00f3j przemys\u0142, Twoja energia, Twoja oszcz\u0119dno\u015b\u0107!","potentialAction":[{"@type":"SearchAction","target":{"@type":"EntryPoint","urlTemplate":"https:\/\/smgslask.pl\/?s={search_term_string}"},"query-input":"required name=search_term_string"}],"inLanguage":"en-US"}]}},"_links":{"self":[{"href":"https:\/\/smgslask.pl\/en\/wp-json\/wp\/v2\/pages\/581","targetHints":{"allow":["GET"]}}],"collection":[{"href":"https:\/\/smgslask.pl\/en\/wp-json\/wp\/v2\/pages"}],"about":[{"href":"https:\/\/smgslask.pl\/en\/wp-json\/wp\/v2\/types\/page"}],"author":[{"embeddable":true,"href":"https:\/\/smgslask.pl\/en\/wp-json\/wp\/v2\/users\/2"}],"replies":[{"embeddable":true,"href":"https:\/\/smgslask.pl\/en\/wp-json\/wp\/v2\/comments?post=581"}],"version-history":[{"count":1,"href":"https:\/\/smgslask.pl\/en\/wp-json\/wp\/v2\/pages\/581\/revisions"}],"predecessor-version":[{"id":582,"href":"https:\/\/smgslask.pl\/en\/wp-json\/wp\/v2\/pages\/581\/revisions\/582"}],"wp:attachment":[{"href":"https:\/\/smgslask.pl\/en\/wp-json\/wp\/v2\/media?parent=581"}],"curies":[{"name":"wp","href":"https:\/\/api.w.org\/{rel}","templated":true}]}}