{"id":205,"date":"2023-08-08T10:21:51","date_gmt":"2023-08-08T10:21:51","guid":{"rendered":"https:\/\/smgslask.pl\/?page_id=205"},"modified":"2025-02-10T11:55:56","modified_gmt":"2025-02-10T11:55:56","slug":"kogo-szukamy","status":"publish","type":"page","link":"https:\/\/smgslask.pl\/en\/kogo-szukamy\/","title":{"rendered":"Who are we looking for?"},"content":{"rendered":"<p><\/p>\n\n\n\n<p><\/p>","protected":false},"excerpt":{"rendered":"","protected":false},"author":1,"featured_media":0,"parent":0,"menu_order":0,"comment_status":"closed","ping_status":"closed","template":"","meta":{"footnotes":""},"class_list":["post-205","page","type-page","status-publish","hentry"],"acf":[],"yoast_head":"<!-- This site is optimized with the Yoast SEO plugin v21.3 - https:\/\/yoast.com\/wordpress\/plugins\/seo\/ -->\n<title>Kogo szukamy? - smgslask.pl<\/title>\n<meta name=\"robots\" content=\"index, follow, max-snippet:-1, max-image-preview:large, max-video-preview:-1\" \/>\n<link rel=\"canonical\" href=\"https:\/\/smgslask.pl\/en\/kogo-szukamy\/\" \/>\n<meta property=\"og:locale\" content=\"en_US\" \/>\n<meta property=\"og:type\" content=\"article\" \/>\n<meta property=\"og:title\" content=\"Kogo szukamy? - smgslask.pl\" \/>\n<meta property=\"og:url\" content=\"https:\/\/smgslask.pl\/en\/kogo-szukamy\/\" \/>\n<meta property=\"og:site_name\" content=\"smgslask.pl\" \/>\n<meta property=\"article:modified_time\" content=\"2025-02-10T11:55:56+00:00\" \/>\n<meta name=\"twitter:card\" content=\"summary_large_image\" \/>\n<script type=\"application\/ld+json\" class=\"yoast-schema-graph\">{\"@context\":\"https:\/\/schema.org\",\"@graph\":[{\"@type\":\"WebPage\",\"@id\":\"https:\/\/smgslask.pl\/kogo-szukamy\/\",\"url\":\"https:\/\/smgslask.pl\/kogo-szukamy\/\",\"name\":\"Kogo szukamy? - smgslask.pl\",\"isPartOf\":{\"@id\":\"https:\/\/smgslask.pl\/#website\"},\"datePublished\":\"2023-08-08T10:21:51+00:00\",\"dateModified\":\"2025-02-10T11:55:56+00:00\",\"breadcrumb\":{\"@id\":\"https:\/\/smgslask.pl\/kogo-szukamy\/#breadcrumb\"},\"inLanguage\":\"en-US\",\"potentialAction\":[{\"@type\":\"ReadAction\",\"target\":[\"https:\/\/smgslask.pl\/kogo-szukamy\/\"]}]},{\"@type\":\"BreadcrumbList\",\"@id\":\"https:\/\/smgslask.pl\/kogo-szukamy\/#breadcrumb\",\"itemListElement\":[{\"@type\":\"ListItem\",\"position\":1,\"name\":\"Strona g\u0142\u00f3wna\",\"item\":\"https:\/\/smgslask.pl\/\"},{\"@type\":\"ListItem\",\"position\":2,\"name\":\"Kogo szukamy?\"}]},{\"@type\":\"WebSite\",\"@id\":\"https:\/\/smgslask.pl\/#website\",\"url\":\"https:\/\/smgslask.pl\/\",\"name\":\"smgslask.pl\",\"description\":\"Tw\u00f3j przemys\u0142, Twoja energia, Twoja oszcz\u0119dno\u015b\u0107!\",\"potentialAction\":[{\"@type\":\"SearchAction\",\"target\":{\"@type\":\"EntryPoint\",\"urlTemplate\":\"https:\/\/smgslask.pl\/?s={search_term_string}\"},\"query-input\":\"required name=search_term_string\"}],\"inLanguage\":\"en-US\"}]}<\/script>\n<!-- \/ Yoast SEO plugin. -->","yoast_head_json":{"title":"Kogo szukamy? - smgslask.pl","robots":{"index":"index","follow":"follow","max-snippet":"max-snippet:-1","max-image-preview":"max-image-preview:large","max-video-preview":"max-video-preview:-1"},"canonical":"https:\/\/smgslask.pl\/en\/kogo-szukamy\/","og_locale":"en_US","og_type":"article","og_title":"Kogo szukamy? - smgslask.pl","og_url":"https:\/\/smgslask.pl\/en\/kogo-szukamy\/","og_site_name":"smgslask.pl","article_modified_time":"2025-02-10T11:55:56+00:00","twitter_card":"summary_large_image","schema":{"@context":"https:\/\/schema.org","@graph":[{"@type":"WebPage","@id":"https:\/\/smgslask.pl\/kogo-szukamy\/","url":"https:\/\/smgslask.pl\/kogo-szukamy\/","name":"Kogo szukamy? - smgslask.pl","isPartOf":{"@id":"https:\/\/smgslask.pl\/#website"},"datePublished":"2023-08-08T10:21:51+00:00","dateModified":"2025-02-10T11:55:56+00:00","breadcrumb":{"@id":"https:\/\/smgslask.pl\/kogo-szukamy\/#breadcrumb"},"inLanguage":"en-US","potentialAction":[{"@type":"ReadAction","target":["https:\/\/smgslask.pl\/kogo-szukamy\/"]}]},{"@type":"BreadcrumbList","@id":"https:\/\/smgslask.pl\/kogo-szukamy\/#breadcrumb","itemListElement":[{"@type":"ListItem","position":1,"name":"Strona g\u0142\u00f3wna","item":"https:\/\/smgslask.pl\/"},{"@type":"ListItem","position":2,"name":"Kogo szukamy?"}]},{"@type":"WebSite","@id":"https:\/\/smgslask.pl\/#website","url":"https:\/\/smgslask.pl\/","name":"smgslask.pl","description":"Tw\u00f3j przemys\u0142, Twoja energia, Twoja oszcz\u0119dno\u015b\u0107!","potentialAction":[{"@type":"SearchAction","target":{"@type":"EntryPoint","urlTemplate":"https:\/\/smgslask.pl\/?s={search_term_string}"},"query-input":"required name=search_term_string"}],"inLanguage":"en-US"}]}},"_links":{"self":[{"href":"https:\/\/smgslask.pl\/en\/wp-json\/wp\/v2\/pages\/205","targetHints":{"allow":["GET"]}}],"collection":[{"href":"https:\/\/smgslask.pl\/en\/wp-json\/wp\/v2\/pages"}],"about":[{"href":"https:\/\/smgslask.pl\/en\/wp-json\/wp\/v2\/types\/page"}],"author":[{"embeddable":true,"href":"https:\/\/smgslask.pl\/en\/wp-json\/wp\/v2\/users\/1"}],"replies":[{"embeddable":true,"href":"https:\/\/smgslask.pl\/en\/wp-json\/wp\/v2\/comments?post=205"}],"version-history":[{"count":1,"href":"https:\/\/smgslask.pl\/en\/wp-json\/wp\/v2\/pages\/205\/revisions"}],"predecessor-version":[{"id":842,"href":"https:\/\/smgslask.pl\/en\/wp-json\/wp\/v2\/pages\/205\/revisions\/842"}],"wp:attachment":[{"href":"https:\/\/smgslask.pl\/en\/wp-json\/wp\/v2\/media?parent=205"}],"curies":[{"name":"wp","href":"https:\/\/api.w.org\/{rel}","templated":true}]}}